{"id":2,"date":"2023-01-31T15:37:27","date_gmt":"2023-01-31T14:37:27","guid":{"rendered":"http:\/\/sgi-avocats.fr\/?page_id=2"},"modified":"2023-05-15T12:10:05","modified_gmt":"2023-05-15T10:10:05","slug":"legal","status":"publish","type":"page","link":"https:\/\/sgi-avocats.fr\/index.php\/legal\/","title":{"rendered":"Mentions L\u00e9gales"},"content":{"rendered":"<p>[et_pb_section fb_built=&#8221;1&#8243; specialty=&#8221;on&#8221; _builder_version=&#8221;4.19.5&#8243; _module_preset=&#8221;default&#8221; global_colors_info=&#8221;{}&#8221;][et_pb_column type=&#8221;1_3&#8243; _builder_version=&#8221;4.16&#8243; custom_padding=&#8221;|||&#8221; global_colors_info=&#8221;{}&#8221; custom_padding__hover=&#8221;|||&#8221;][et_pb_image src=&#8221;https:\/\/sgi-avocats.fr\/wp-content\/uploads\/2023\/01\/lawyer-16-top-1.jpg&#8221; title_text=&#8221;lawyer-16-top-1&#8243; _builder_version=&#8221;4.19.5&#8243; _module_preset=&#8221;default&#8221; global_colors_info=&#8221;{}&#8221;][\/et_pb_image][\/et_pb_column][et_pb_column type=&#8221;2_3&#8243; specialty_columns=&#8221;2&#8243; _builder_version=&#8221;4.16&#8243; custom_padding=&#8221;|||&#8221; global_colors_info=&#8221;{}&#8221; custom_padding__hover=&#8221;|||&#8221;][et_pb_row_inner _builder_version=&#8221;4.19.5&#8243; _module_preset=&#8221;default&#8221; global_colors_info=&#8221;{}&#8221;][et_pb_column_inner saved_specialty_column_type=&#8221;2_3&#8243; _builder_version=&#8221;4.19.5&#8243; _module_preset=&#8221;default&#8221; global_colors_info=&#8221;{}&#8221;][et_pb_blurb title=&#8221;Mentions L\u00e9gales&#8221; content_max_width=&#8221;100%&#8221; _builder_version=&#8221;4.19.5&#8243; _module_preset=&#8221;default&#8221; header_font=&#8221;IM Fell French Canon||||||||&#8221; header_font_size=&#8221;40px&#8221; module_alignment=&#8221;left&#8221; global_colors_info=&#8221;{}&#8221;]<\/p>\n<h4><span><\/span><\/h4>\n<h4><span>LCEN<\/span><\/h4>\n<p>Conform\u00e9ment aux dispositions de la loi n\u00b0 2004-575 du 21 juin 2004 pour la confiance dans l\u2019\u00e9conomie num\u00e9rique, il est pr\u00e9cis\u00e9 aux utilisateurs du site <a href=\"http:\/\/www.sgi-avocats.fr\" target=\"_blank\" title=\"http:\/\/www.sgi-avocats.fr\" rel=\"noopener\">www.sgi-avocats.fr<\/a> l\u2019identit\u00e9 des diff\u00e9rents intervenants dans le cadre de sa r\u00e9alisation et de son suivi.<\/p>\n<p>&nbsp;<\/p>\n<h4><span>H\u00e9bergeur du Site<\/span><\/h4>\n<p>Le site <a href=\"http:\/\/www.sgi-avocats.fr\" target=\"_blank\" title=\"http:\/\/www.sgi-avocats.fr\" rel=\"noopener\">www.sgi-avocats.fr<\/a> est h\u00e9berg\u00e9 aupr\u00e8s de la Soci\u00e9t\u00e9 OVH, SAS au capital de 10 069 020 \u20ac, immatricul\u00e9e au RCS Lille M\u00e9tropole au num\u00e9ro 424 761 419 00045, dont le Code APE 2620Z, N\u00b0 TVA : FR 22 424 761 419 et dont le lieu du Si\u00e8ge social est sis <a href=\"https:\/\/www.google.com\/maps\/search\/2+rue+Kellermann+%E2%80%93+59100+Roubaix+%E2%80%93+France?entry=gmail&amp;source=g\" title=\"https:\/\/www.google.com\/maps\/search\/2+rue+Kellermann+%E2%80%93+59100+Roubaix+%E2%80%93+France?entry=gmail&amp;source=g\">2 rue Kellermann \u2013 59100 Roubaix \u2013 France<\/a>.<\/p>\n<p>&nbsp;<\/p>\n<h4><span>M\u00e9diation<\/span><\/h4>\n<p>Conform\u00e9ment aux dispositions des articles L612-1 et suivants du Code de la consommation, vous avez la possibilit\u00e9, en cas de litige, de recourir gratuitement au M\u00e9diateur de la consommation aupr\u00e8s du Conseil National des Barreaux (CNB) \u00e0 l&#8217;adresse suivante : CNB, m\u00e9diateur \u00e0 la consommation, <a href=\"https:\/\/www.google.com\/maps\/search\/180+boulevard+Haussmann+%E2%80%93+75008+Paris?entry=gmail&amp;source=g\" title=\"https:\/\/www.google.com\/maps\/search\/180+boulevard+Haussmann+%E2%80%93+75008+Paris?entry=gmail&amp;source=g\">180 boulevard Haussmann \u2013 75008 Paris<\/a>.<\/p>\n<p>&nbsp;<\/p>\n<h4><span>Editeur et propri\u00e9taire du site<\/span><\/h4>\n<p>Le site <a href=\"http:\/\/www.sgi-avocats.fr\" target=\"_blank\" title=\"http:\/\/www.sgi-avocats.fr\" rel=\"noopener\">www.sgi-avocats.fr<\/a> est \u00e9dit\u00e9 par le Cabinet SGI Avocats.<\/p>\n<p>Le directeur et responsable de publication est Ma\u00eetre GEORGETTE Sarah, Avocat au Barreau de Paris : <a href=\"mailto:sarah@sgi-avocats.fr\" target=\"_blank\" title=\"mailto:sarah@sgi-avocats.fr\" rel=\"noopener\">sarah@sgi-avocats.fr<\/a><\/p>\n<p>&nbsp;<\/p>\n<h4><span>S\u00e9curit\u00e9 du Site\u00a0<\/span><\/h4>\n<p>Le site <a href=\"http:\/\/www.sgi-avocats.fr\" target=\"_blank\" title=\"http:\/\/www.sgi-avocats.fr\" rel=\"noopener\">www.sgi-avocats.fr<\/a> utilise le protocole d\u2019\u00e9changes SSL (Secure Socket Layer) qui s\u00e9curise la transmission de donn\u00e9es confidentielles sur Internet.<\/p>\n<p>L&#8217;espace client est rattach\u00e9 \u00e0 une base de donn\u00e9es s\u00e9curis\u00e9e cod\u00e9e en no code.<\/p>\n<p>&nbsp;<\/p>\n<p>[\/et_pb_blurb][\/et_pb_column_inner][\/et_pb_row_inner][\/et_pb_column][\/et_pb_section]<\/p>\n","protected":false},"excerpt":{"rendered":"<p>LCEN Conform\u00e9ment aux dispositions de la loi n\u00b0 2004-575 du 21 juin 2004 pour la confiance dans l\u2019\u00e9conomie num\u00e9rique, il est pr\u00e9cis\u00e9 aux utilisateurs du site www.sgi-avocats.fr l\u2019identit\u00e9 des diff\u00e9rents intervenants dans le cadre de sa r\u00e9alisation et de son suivi. &nbsp; H\u00e9bergeur du Site Le site www.sgi-avocats.fr est h\u00e9berg\u00e9 aupr\u00e8s de la Soci\u00e9t\u00e9 OVH, [&hellip;]<\/p>\n","protected":false},"author":1,"featured_media":0,"parent":0,"menu_order":0,"comment_status":"closed","ping_status":"closed","template":"","meta":{"_et_pb_use_builder":"on","_et_pb_old_content":"<!-- wp:paragraph -->\n<p>Ceci est une page d\u2019exemple. C\u2019est diff\u00e9rent d\u2019un article de blog parce qu\u2019elle restera au m\u00eame endroit et appara\u00eetra dans la navigation de votre site (dans la plupart des th\u00e8mes). La plupart des gens commencent par une page \u00ab&nbsp;\u00c0 propos&nbsp;\u00bb qui les pr\u00e9sente aux personnes visitant le site. Cela pourrait ressembler \u00e0 quelque chose comme cela&nbsp;:<\/p>\n<!-- \/wp:paragraph -->\n\n<!-- wp:quote -->\n<blockquote class=\"wp-block-quote\"><!-- wp:paragraph -->\n<p>Bonjour&nbsp;! Je suis un m\u00e9canicien qui aspire \u00e0 devenir acteur, et voici mon site. J\u2019habite \u00e0 Bordeaux, j\u2019ai un super chien baptis\u00e9 Russell, et j\u2019aime la vodka (ainsi qu\u2019\u00eatre surpris par la pluie soudaine lors de longues balades sur la plage au coucher du soleil).<\/p>\n<!-- \/wp:paragraph --><\/blockquote>\n<!-- \/wp:quote -->\n\n<!-- wp:paragraph -->\n<p>\u2026ou quelque chose comme cela&nbsp;:<\/p>\n<!-- \/wp:paragraph -->\n\n<!-- wp:quote -->\n<blockquote class=\"wp-block-quote\"><!-- wp:paragraph -->\n<p>La soci\u00e9t\u00e9 123 Machin Truc a \u00e9t\u00e9 cr\u00e9\u00e9e en 1971, et n\u2019a cess\u00e9 de proposer au public des machins-trucs de qualit\u00e9 depuis lors. Situ\u00e9e \u00e0 Saint-Remy-en-Bouzemont-Saint-Genest-et-Isson, 123 Machin Truc emploie 2 000 personnes, et fabrique toutes sortes de bidules supers pour la communaut\u00e9 bouzemontoise.<\/p>\n<!-- \/wp:paragraph --><\/blockquote>\n<!-- \/wp:quote -->\n\n<!-- wp:paragraph -->\n<p>En tant que nouvel utilisateur ou utilisatrice de WordPress, vous devriez vous rendre sur <a href=\"http:\/\/sgi-avocats.fr\/wp-admin\/\">votre tableau de bord<\/a> pour supprimer cette page et cr\u00e9er de nouvelles pages pour votre contenu. Amusez-vous bien&nbsp;!<\/p>\n<!-- \/wp:paragraph -->","_et_gb_content_width":"","footnotes":""},"class_list":["post-2","page","type-page","status-publish","hentry"],"_links":{"self":[{"href":"https:\/\/sgi-avocats.fr\/index.php\/wp-json\/wp\/v2\/pages\/2","targetHints":{"allow":["GET"]}}],"collection":[{"href":"https:\/\/sgi-avocats.fr\/index.php\/wp-json\/wp\/v2\/pages"}],"about":[{"href":"https:\/\/sgi-avocats.fr\/index.php\/wp-json\/wp\/v2\/types\/page"}],"author":[{"embeddable":true,"href":"https:\/\/sgi-avocats.fr\/index.php\/wp-json\/wp\/v2\/users\/1"}],"replies":[{"embeddable":true,"href":"https:\/\/sgi-avocats.fr\/index.php\/wp-json\/wp\/v2\/comments?post=2"}],"version-history":[{"count":18,"href":"https:\/\/sgi-avocats.fr\/index.php\/wp-json\/wp\/v2\/pages\/2\/revisions"}],"predecessor-version":[{"id":452,"href":"https:\/\/sgi-avocats.fr\/index.php\/wp-json\/wp\/v2\/pages\/2\/revisions\/452"}],"wp:attachment":[{"href":"https:\/\/sgi-avocats.fr\/index.php\/wp-json\/wp\/v2\/media?parent=2"}],"curies":[{"name":"wp","href":"https:\/\/api.w.org\/{rel}","templated":true}]}}